{"id":1250,"date":"2018-06-22T17:16:32","date_gmt":"2018-06-22T20:16:32","guid":{"rendered":"http:\/\/casamentoapp.com\/demotema1\/?page_id=1250"},"modified":"2020-10-28T11:26:50","modified_gmt":"2020-10-28T14:26:50","slug":"cotas","status":"publish","type":"page","link":"https:\/\/casamentoapp.com\/patriciaedaniel\/cotas\/","title":{"rendered":"Presentes Virtuais"},"content":{"rendered":"<div class=\"wpb-content-wrapper\"><p>[vc_row full_width=&#8221;stretch_row&#8221; full_height=&#8221;yes&#8221; equal_height=&#8221;yes&#8221;][vc_column][vc_custom_heading text=&#8221;Nos ajude a desfrutar de uma Lua de Mel inesquec\u00edvel ou se preferir, ajudando a montar a nossa casa !&#8221; font_container=&#8221;tag:p|font_size:30|text_align:center|color:%23000000&#8243; google_fonts=&#8221;font_family:Merriweather%3A300%2C300italic%2Cregular%2Citalic%2C700%2C700italic%2C900%2C900italic|font_style:400%20regular%3A400%3Anormal&#8221;]<div class=\"ult-spacer spacer-69f172d512e39\" data-id=\"69f172d512e39\" data-height=\"10\" data-height-mobile=\"10\" data-height-tab=\"\" data-height-tab-portrait=\"\" data-height-mobile-landscape=\"\" style=\"clear:both;display:block;\"><\/div><div id=\"modal-trg-txt-wrap-7340\" class=\"ult-modal-input-wrapper ult-adjust-bottom-margin    \" data-keypress-control=\"keypress-control-enable\" data-overlay-control=\"overlay-control-enable\"><style>\n\t\t\t\t\t.btn-modal.btn-id-69f172d512edd5-40873609:hover {\n\t\t\t\t\t\tbackground-color: #dd3333 !important;\n\t\t\t\t\t}\n\t\t\t\t\t<\/style><button  data-ultimate-target='#modal-trg-txt-wrap-7340 .btn-modal'  data-responsive-json-new='{\"font-size\":\"\",\"line-height\":\"\"}'  style=\"background:#333333;border-color:#333333;color:#FFFFFF; \" data-class-id=\"content-69f172d512edd5-40873609\" class=\"btn-modal ult-responsive btn-primary btn-modal-sm overlay-show ult-align-center btn-id-69f172d512edd5-40873609\" data-overlay-class=\"overlay-cornerbottomleft\">Clique aqui para ver como funciona<\/button><\/div>\n<div class=\"ult-overlay content-69f172d512edd5-40873609 \" data-class=\"content-69f172d512edd5-40873609\" id=\"button-click-overlay\" style=\"background:rgba(51,51,51,0.8); display:none;\">\n\t<div class=\"ult_modal ult-fade ult-small\">\n\t\t<div id=\"ult-modal-wrap-5052\" class=\"ult_modal-content ult-hide\" style=\"border-style:inset;border-width:5px;border-radius:0px;border-color:#f60f60;\">\n\t\t\t<div class=\"ult_modal-header\" style=\"color:#333333;border-color:#f60f60;\">\n\t\t\t\t<h3  data-ultimate-target='#ult-modal-wrap-5052 .ult_modal-title'  data-responsive-json-new='{\"font-size\":\"\",\"line-height\":\"\"}'  class=\"ult_modal-title ult-responsive\">Como funciona<\/h3>\n\t\t\t<\/div>\n\t\t\t<div  data-ultimate-target='#ult-modal-wrap-5052 .ult_modal-body'  data-responsive-json-new='{\"font-size\":\"\",\"line-height\":\"\"}'  class=\"ult_modal-body ult-responsive ult-html\" style=\"\">\n\t\t\t<\/p>\n<p class=\"vc_custom_heading\" style=\"text-align: center;\">As Listas de Presentes Virtuais s\u00e3o uma maneira elegante do convidado presentear os noivos com dinheiro. O dinheiro \u00e9 depositado na conta banc\u00e1ria dos noivos.<\/p>\n<p style=\"text-align: center;\">O convidado escolhe o presente e os noivos recebem uma notifica\u00e7\u00e3o por e-mail com o nome e e-mail do convidado, presente comprado e o valor.<\/p>\n<p>\n\t\t\t<\/div>\n\t<\/div>\n\t<\/div>\n\t<div class=\"ult-overlay-close top-right\" style=\"width:80px;height:80px; \"><div class=\"ult-overlay-close-inside\">Close<\/div><\/div>\n<\/div>[\/vc_column][\/vc_row]<\/p>\n<\/div>","protected":false},"excerpt":{"rendered":"<p>[vc_row full_width=&#8221;stretch_row&#8221; full_height=&#8221;yes&#8221; equal_height=&#8221;yes&#8221;][vc_column][vc_custom_heading text=&#8221;Nos ajude a desfrutar de uma Lua de Mel inesquec\u00edvel ou se preferir, ajudando a montar a nossa casa !&#8221; font_container=&#8221;tag:p|font_size:30|text_align:center|color:%23000000&#8243; google_fonts=&#8221;font_family:Merriweather%3A300%2C300italic%2Cregular%2Citalic%2C700%2C700italic%2C900%2C900italic|font_style:400%20regular%3A400%3Anormal&#8221;][\/vc_column][\/vc_row]<\/p>\n","protected":false},"author":1,"featured_media":0,"parent":0,"menu_order":0,"comment_status":"open","ping_status":"open","template":"","meta":{"om_disable_all_campaigns":false,"footnotes":""},"class_list":["post-1250","page","type-page","status-publish","hentry"],"_links":{"self":[{"href":"https:\/\/casamentoapp.com\/patriciaedaniel\/wp-json\/wp\/v2\/pages\/1250","targetHints":{"allow":["GET"]}}],"collection":[{"href":"https:\/\/casamentoapp.com\/patriciaedaniel\/wp-json\/wp\/v2\/pages"}],"about":[{"href":"https:\/\/casamentoapp.com\/patriciaedaniel\/wp-json\/wp\/v2\/types\/page"}],"author":[{"embeddable":true,"href":"https:\/\/casamentoapp.com\/patriciaedaniel\/wp-json\/wp\/v2\/users\/1"}],"replies":[{"embeddable":true,"href":"https:\/\/casamentoapp.com\/patriciaedaniel\/wp-json\/wp\/v2\/comments?post=1250"}],"version-history":[{"count":15,"href":"https:\/\/casamentoapp.com\/patriciaedaniel\/wp-json\/wp\/v2\/pages\/1250\/revisions"}],"predecessor-version":[{"id":2458,"href":"https:\/\/casamentoapp.com\/patriciaedaniel\/wp-json\/wp\/v2\/pages\/1250\/revisions\/2458"}],"wp:attachment":[{"href":"https:\/\/casamentoapp.com\/patriciaedaniel\/wp-json\/wp\/v2\/media?parent=1250"}],"curies":[{"name":"wp","href":"https:\/\/api.w.org\/{rel}","templated":true}]}}