	
	
		

	
		
											
	
					
			
	{"id":94,"date":"2016-06-23T07:37:15","date_gmt":"2016-06-23T07:37:15","guid":{"rendered":"http:\/\/theemon.com\/f\/forever-wp\/PlaceHolder\/wedding\/?page_id=94"},"modified":"2023-02-13T11:32:31","modified_gmt":"2023-02-13T14:32:31","slug":"home","status":"publish","type":"page","link":"https:\/\/casamentoapp.com\/joanaemichel\/","title":{"rendered":"Home"},"content":{"rendered":"<div class=\"wpb-content-wrapper\"><p>[vc_row el_id=&#8221;inicio&#8221;][vc_column][vc_column_text css_animation=&#8221;appear&#8221;]<img loading=\"lazy\" decoding=\"async\" class=\"aligncenter wp-image-3312 size-full\" src=\"https:\/\/casamentoapp.com\/joanaemichel\/wp-content\/uploads\/sites\/917\/2023\/02\/CERIMONIA-13.jpg\" alt=\"\" width=\"1244\" height=\"950\" srcset=\"https:\/\/casamentoapp.com\/joanaemichel\/wp-content\/uploads\/sites\/917\/2023\/02\/CERIMONIA-13.jpg 1244w, https:\/\/casamentoapp.com\/joanaemichel\/wp-content\/uploads\/sites\/917\/2023\/02\/CERIMONIA-13-300x229.jpg 300w, https:\/\/casamentoapp.com\/joanaemichel\/wp-content\/uploads\/sites\/917\/2023\/02\/CERIMONIA-13-1024x782.jpg 1024w, https:\/\/casamentoapp.com\/joanaemichel\/wp-content\/uploads\/sites\/917\/2023\/02\/CERIMONIA-13-768x586.jpg 768w, https:\/\/casamentoapp.com\/joanaemichel\/wp-content\/uploads\/sites\/917\/2023\/02\/CERIMONIA-13-125x95.jpg 125w, https:\/\/casamentoapp.com\/joanaemichel\/wp-content\/uploads\/sites\/917\/2023\/02\/CERIMONIA-13-75x57.jpg 75w, https:\/\/casamentoapp.com\/joanaemichel\/wp-content\/uploads\/sites\/917\/2023\/02\/CERIMONIA-13-600x458.jpg 600w\" sizes=\"auto, (max-width: 1244px) 100vw, 1244px\" \/>[\/vc_column_text][vc_empty_space][vc_column_text]<\/p>\n<h4 style=\"text-align: center;\"><span style=\"color: #000000; font-family: times new roman, times;\">Contagem regressiva para o grande dia<\/span><\/h4>\n<p>[\/vc_column_text]<style>#count-down-wrap-7031 .ult_countdown-amount { font-weight:normal;  font-family : ;\tcolor: ; } #count-down-wrap-7031 .ult_countdown-period{font-weight:normal;\tcolor: ;\tfont-family: ;}<\/style><div \" data-ultimate-target='#count-down-wrap-7031 .ult_countdown-period'  data-responsive-json-new='{\"font-size\":\"desktop:13px;\",\"line-height\":\"\"}' \" class=\"ult-responsive ult_countdown   ult-cd-no-border ult-cd-s2\"><div id=\"count-down-wrap-7031\"  class=\"ult-responsive ult_countdown-div ult_countdown-dateAndTime ult-wptz\" data-labels=\"Years,Months,Weeks,Dias,Horas,Minutos,Segundos\" data-labels2=\"Year,Month,Week,Dia,Hora,Minuto,Segundo\"  data-terminal-date=\"2023\/11\/17 18:30:00\" data-countformat=\"DHMS\" data-time-zone=\"-3\" data-time-now=\"2026\/05\/13 12:50:04\"  data-tick-col=\"\"   data-ultimate-target='#count-down-wrap-7031 .ult_countdown-amount'  data-responsive-json-new='{\"font-size\":\"desktop:36px;\",\"line-height\":\"\"}'  data-tick-p-col=\"\"  data-tick-style=\"font-weight:normal;\"  data-tick-p-style=\"\"  data-bg-color=\"\" data-br-radius=\"\" data-padd=\"0\" >2023\/11\/17 18:30:00<\/div><\/div>[vc_empty_space][vc_empty_space][vc_column_text]<\/p>\n<h4 style=\"text-align: center;\"><span style=\"color: #000000; font-family: times new roman, times;\">Sejam bem-vindos ao nosso site<\/span><\/h4>\n<p>[\/vc_column_text][vc_column_text]<\/p>\n<p class=\"sc-jEUCeg duEgiy\" style=\"text-align: center;\">Vamos fazer dessa festa a mais memor\u00e1vel de todos os tempos !!!<\/p>\n<p>[\/vc_column_text][vc_column_text]<img loading=\"lazy\" decoding=\"async\" class=\"aligncenter wp-image-3244 size-medium\" src=\"https:\/\/casamentoapp.com\/joanaemichel\/wp-content\/uploads\/sites\/917\/2023\/01\/divisor-300x136.png\" alt=\"\" width=\"300\" height=\"136\" srcset=\"https:\/\/casamentoapp.com\/joanaemichel\/wp-content\/uploads\/sites\/917\/2023\/01\/divisor-300x136.png 300w, https:\/\/casamentoapp.com\/joanaemichel\/wp-content\/uploads\/sites\/917\/2023\/01\/divisor-125x57.png 125w, https:\/\/casamentoapp.com\/joanaemichel\/wp-content\/uploads\/sites\/917\/2023\/01\/divisor-75x34.png 75w, https:\/\/casamentoapp.com\/joanaemichel\/wp-content\/uploads\/sites\/917\/2023\/01\/divisor.png 388w\" sizes=\"auto, (max-width: 300px) 100vw, 300px\" \/>[\/vc_column_text][vc_empty_space][vc_empty_space][vc_column_text]<\/p>\n<h4 style=\"text-align: center;\"><span style=\"color: #000000; font-family: times new roman, times;\">Lista de Presentes<\/span><\/h4>\n<p>[\/vc_column_text][vc_column_text]<\/p>\n<p style=\"text-align: center;\"><span style=\"font-family: 'times new roman', times;\"><span style=\"color: #000000;\">Ficaremos muito felizes com sua presen\u00e7a. <\/span><span style=\"color: #000000;\">Se desejar nos presentear, seguem sugest\u00f5es de presentes:<\/span><\/span><\/p>\n<p>[\/vc_column_text][vc_empty_space][vc_btn title=&#8221;Ver Lista de Presentes&#8221; style=&#8221;3d&#8221; align=&#8221;center&#8221; css_animation=&#8221;fadeInDownBig&#8221; link=&#8221;url:https%3A%2F%2Fcasamentoapp.com%2Fjoanaemichel%2Fcategoria-produto%2Futilidades%2F|target:_blank&#8221;][vc_column_text]<img loading=\"lazy\" decoding=\"async\" class=\"aligncenter wp-image-3244 size-medium\" src=\"https:\/\/casamentoapp.com\/joanaemichel\/wp-content\/uploads\/sites\/917\/2023\/01\/divisor-300x136.png\" alt=\"\" width=\"300\" height=\"136\" srcset=\"https:\/\/casamentoapp.com\/joanaemichel\/wp-content\/uploads\/sites\/917\/2023\/01\/divisor-300x136.png 300w, https:\/\/casamentoapp.com\/joanaemichel\/wp-content\/uploads\/sites\/917\/2023\/01\/divisor-125x57.png 125w, https:\/\/casamentoapp.com\/joanaemichel\/wp-content\/uploads\/sites\/917\/2023\/01\/divisor-75x34.png 75w, https:\/\/casamentoapp.com\/joanaemichel\/wp-content\/uploads\/sites\/917\/2023\/01\/divisor.png 388w\" sizes=\"auto, (max-width: 300px) 100vw, 300px\" \/>[\/vc_column_text][vc_empty_space][vc_empty_space][vc_column_text]<\/p>\n<h4 style=\"text-align: center;\"><span style=\"color: #000000; font-family: times new roman, times;\">Confirma\u00e7\u00e3o de Presen\u00e7a<\/span><\/h4>\n<p>[\/vc_column_text][vc_column_text]<\/p>\n<p class=\"sc-jEUCeg duEgiy\" style=\"text-align: center;\">Ajuda a gente a\u00ed&#8230; Confirma logo sua presen\u00e7a !!<\/p>\n<p>[\/vc_column_text][vc_empty_space][vc_btn title=&#8221;Confirmar sua presen\u00e7a&#8221; style=&#8221;3d&#8221; align=&#8221;center&#8221; css_animation=&#8221;fadeInDownBig&#8221; link=&#8221;url:https%3A%2F%2Fcasamentoapp.com%2Fjoanaemichel%2Frsvp%2F|title:RSVP|target:_blank&#8221;][vc_column_text]<img loading=\"lazy\" decoding=\"async\" class=\"aligncenter wp-image-3244 size-medium\" src=\"https:\/\/casamentoapp.com\/joanaemichel\/wp-content\/uploads\/sites\/917\/2023\/01\/divisor-300x136.png\" alt=\"\" width=\"300\" height=\"136\" srcset=\"https:\/\/casamentoapp.com\/joanaemichel\/wp-content\/uploads\/sites\/917\/2023\/01\/divisor-300x136.png 300w, https:\/\/casamentoapp.com\/joanaemichel\/wp-content\/uploads\/sites\/917\/2023\/01\/divisor-125x57.png 125w, https:\/\/casamentoapp.com\/joanaemichel\/wp-content\/uploads\/sites\/917\/2023\/01\/divisor-75x34.png 75w, https:\/\/casamentoapp.com\/joanaemichel\/wp-content\/uploads\/sites\/917\/2023\/01\/divisor.png 388w\" sizes=\"auto, (max-width: 300px) 100vw, 300px\" \/>[\/vc_column_text][vc_empty_space][vc_empty_space][vc_row_inner][vc_column_inner width=&#8221;1\/3&#8243;][\/vc_column_inner][vc_column_inner width=&#8221;1\/3&#8243;][vc_empty_space]<div class=\"flip-box-wrap\" style=\"\"><div class=\"flip-box ifb-jq-height  vertical_door_flip flip-ifb-jq-height\" data-animation=\"\" data-animation-delay=\"03\" style=\"\" ><div class=\"ifb-flip-box\" id=\"flip-box-wrap-7811\"><div class=\"ifb-face ifb-front \" style=\"color:#ffffff;background:#ffffff; border-style: solid;border-width: 2px; border-color:#ffffff; \">\n\t\t\t\t\t\t\t<div class=\"ifb-flip-box-section ifb-flip-box-section-vertical-middle\">\n\t\t\t\t\t\t\t<div class=\"flip-box-icon\"><div class=\"ult-just-icon-wrapper  \"><div class=\"align-icon\" style=\"text-align:center;\">\n<div class=\"aio-icon none \"  style=\"color:#000000;font-size:32px;display:inline-block;\">\n\t<i class=\"Defaults-hand-o-down\"><\/i>\n<\/div><\/div><\/div><\/div><h3 class=\"ult-responsive flipbox_heading\"  data-ultimate-target='#flip-box-wrap-7811 .ult-responsive.flipbox_heading'  data-responsive-json-new='{\"font-size\":\"\",\"line-height\":\"\"}'  style=\"color:#ffffff; \">VER SOBRE O CASAMENTO<\/h3><\/div><\/div><!-- END .front -->\n\t\t\t\t\t\t<div class=\"ifb-face ifb-back\" style=\"color:#ffffff;background:#848484; border-style: solid;border-width: 2px; border-color:#ffffff; \">\n\t\t\t\t\t\t\t<div class=\"ifb-flip-box-section ifb-flip-box-section-vertical-middle\"><div class=\"ifb-flip-box-section-content ult-responsive\"  data-ultimate-target='#flip-box-wrap-7811 .ifb-flip-box-section-content.ult-responsive'  data-responsive-json-new='{\"font-size\":\"\",\"line-height\":\"\"}'  style=\"color:#ffffff;\"><p>Local: Vila Bisutti<\/p>\n<p>Data: 23 de novembro de 2023<\/p>\n<p>Hor\u00e1rio: 18:30<\/p>\n<p>Traje: Esporte Fino<\/p>\n<p>Ap\u00f3s cerim\u00f4nia, segue recep\u00e7\u00e3o nesse local<\/p><\/div><\/div><\/div><!-- END .back --><\/div> <!-- ifb-flip-box --><\/div> <!-- flip-box --><\/div><!-- End icon block -->[vc_empty_space][vc_column_text]<\/p>\n<h4 style=\"text-align: center;\"><span style=\"color: #000000;\"><strong>Veja no Google Maps como chegar na Cerim\u00f4nia\/Recep\u00e7\u00e3o<\/strong><\/span><\/h4>\n<h4 style=\"text-align: center;\"><span style=\"color: #000000;\"><strong>Local: Vila Bisutti<\/strong><\/span><\/h4>\n<p>[\/vc_column_text][vc_gmaps link=&#8221;#E-8_JTNDaWZyYW1lJTIwc3JjJTNEJTIyaHR0cHMlM0ElMkYlMkZ3d3cuZ29vZ2xlLmNvbSUyRm1hcHMlMkZlbWJlZCUzRnBiJTNEJTIxMW0xNCUyMTFtOCUyMTFtMyUyMTFkMTQ2MjQuNjY5MDgwMDg4MTM5JTIxMmQtNDYuNjc5NDQ0NCUyMTNkLTIzLjU5ODMzMzMlMjEzbTIlMjExaTEwMjQlMjEyaTc2OCUyMTRmMTMuMSUyMTNtMyUyMTFtMiUyMTFzMHg5NGNlNTc1MjcyZGZlYzNiJTI1M0EweDZkMjA0ZTFhYWM0NGNmOTElMjEyc1ZpbGxhJTI1MjBCaXN1dHRpJTI1MjBDYXNhJTI1MjBkbyUyNTIwQXRvciUyMTVlMCUyMTNtMiUyMTFzcHQtQlIlMjEyc2JyJTIxNHYxNjc2MDMzNzUyNDU5JTIxNW0yJTIxMXNwdC1CUiUyMTJzYnIlMjIlMjB3aWR0aCUzRCUyMjYwMCUyMiUyMGhlaWdodCUzRCUyMjQ1MCUyMiUyMHN0eWxlJTNEJTIyYm9yZGVyJTNBMCUzQiUyMiUyMGFsbG93ZnVsbHNjcmVlbiUzRCUyMiUyMiUyMGxvYWRpbmclM0QlMjJsYXp5JTIyJTIwcmVmZXJyZXJwb2xpY3klM0QlMjJuby1yZWZlcnJlci13aGVuLWRvd25ncmFkZSUyMiUzRSUzQyUyRmlmcmFtZSUzRQ==&#8221;][vc_empty_space][vc_empty_space][\/vc_column_inner][vc_column_inner width=&#8221;1\/3&#8243;][\/vc_column_inner][\/vc_row_inner][vc_row_inner][vc_column_inner width=&#8221;1\/3&#8243;][\/vc_column_inner][vc_column_inner width=&#8221;1\/3&#8243;][vc_column_text css_animation=&#8221;bounceIn&#8221;]<img loading=\"lazy\" decoding=\"async\" class=\"wp-image-3313 size-full alignnone\" src=\"https:\/\/casamentoapp.com\/joanaemichel\/wp-content\/uploads\/sites\/917\/2023\/02\/CERIMONIA-14.jpg\" alt=\"\" width=\"1244\" height=\"950\" srcset=\"https:\/\/casamentoapp.com\/joanaemichel\/wp-content\/uploads\/sites\/917\/2023\/02\/CERIMONIA-14.jpg 1244w, https:\/\/casamentoapp.com\/joanaemichel\/wp-content\/uploads\/sites\/917\/2023\/02\/CERIMONIA-14-300x229.jpg 300w, https:\/\/casamentoapp.com\/joanaemichel\/wp-content\/uploads\/sites\/917\/2023\/02\/CERIMONIA-14-1024x782.jpg 1024w, https:\/\/casamentoapp.com\/joanaemichel\/wp-content\/uploads\/sites\/917\/2023\/02\/CERIMONIA-14-768x586.jpg 768w, https:\/\/casamentoapp.com\/joanaemichel\/wp-content\/uploads\/sites\/917\/2023\/02\/CERIMONIA-14-125x95.jpg 125w, https:\/\/casamentoapp.com\/joanaemichel\/wp-content\/uploads\/sites\/917\/2023\/02\/CERIMONIA-14-75x57.jpg 75w, https:\/\/casamentoapp.com\/joanaemichel\/wp-content\/uploads\/sites\/917\/2023\/02\/CERIMONIA-14-600x458.jpg 600w\" sizes=\"auto, (max-width: 1244px) 100vw, 1244px\" \/>[\/vc_column_text][vc_empty_space][\/vc_column_inner][vc_column_inner width=&#8221;1\/3&#8243;][\/vc_column_inner][\/vc_row_inner][vc_column_text]<\/p>\n<p style=\"text-align: center;\"><b><div id='mvcwid'style='text-align: center; color: #000000;'><h3 class='wps_visitor_title'>N\u00famero de visitas ao site<\/h3><div id=\"wpsvccount\"><img src='https:\/\/casamentoapp.com\/joanaemichel\/wp-content\/plugins\/wps-visitor-counter\/styles\/image\/web\/0.gif' alt='0'><img src='https:\/\/casamentoapp.com\/joanaemichel\/wp-content\/plugins\/wps-visitor-counter\/styles\/image\/web\/0.gif' alt='0'><img src='https:\/\/casamentoapp.com\/joanaemichel\/wp-content\/plugins\/wps-visitor-counter\/styles\/image\/web\/2.gif' alt='2'><img src='https:\/\/casamentoapp.com\/joanaemichel\/wp-content\/plugins\/wps-visitor-counter\/styles\/image\/web\/7.gif' alt='7'><img src='https:\/\/casamentoapp.com\/joanaemichel\/wp-content\/plugins\/wps-visitor-counter\/styles\/image\/web\/3.gif' alt='3'><img src='https:\/\/casamentoapp.com\/joanaemichel\/wp-content\/plugins\/wps-visitor-counter\/styles\/image\/web\/0.gif' alt='0'><\/div>\n\t<div id=\"wpsvctable\"><div id=\"wpsvctotal\" style='text-align: center; color: #000000;'><img src='https:\/\/casamentoapp.com\/joanaemichel\/wp-content\/plugins\/wps-visitor-counter\/counter\/user_total.png'> Total Users : 2730<\/div><div id=\"wpsvctotalviews\" style='text-align: center; color: #000000;'><img src='https:\/\/casamentoapp.com\/joanaemichel\/wp-content\/plugins\/wps-visitor-counter\/counter\/views_total.png'> Total views : 3753<\/div><\/div><\/div><\/b><\/p>\n<p>[\/vc_column_text][\/vc_column][\/vc_row]<\/p>\n<\/div>","protected":false},"excerpt":{"rendered":"<p>[vc_row el_id=&#8221;inicio&#8221;][vc_column][vc_column_text css_animation=&#8221;appear&#8221;][\/vc_column_text][vc_empty_space][vc_column_text] Contagem regressiva para o grande dia [\/vc_column_text][vc_empty_space][vc_empty_space][vc_column_text] Sejam bem-vindos ao nosso site [\/vc_column_text][vc_column_text] Vamos fazer dessa festa a mais memor\u00e1vel de todos os tempos !!! [\/vc_column_text][vc_column_text][\/vc_column_text][vc_empty_space][vc_empty_space][vc_column_text] Lista de Presentes [\/vc_column_text][vc_column_text] Ficaremos muito felizes com sua presen\u00e7a. Se desejar nos presentear, seguem sugest\u00f5es de presentes: [\/vc_column_text][vc_empty_space][vc_btn title=&#8221;Ver Lista de Presentes&#8221; style=&#8221;3d&#8221; align=&#8221;center&#8221; css_animation=&#8221;fadeInDownBig&#8221;<\/p>\n","protected":false},"author":1,"featured_media":0,"parent":0,"menu_order":0,"comment_status":"closed","ping_status":"closed","template":"forever-js-composer.php","meta":{"om_disable_all_campaigns":false,"footnotes":""},"class_list":["post-94","page","type-page","status-publish","hentry"],"_links":{"self":[{"href":"https:\/\/casamentoapp.com\/joanaemichel\/wp-json\/wp\/v2\/pages\/94","targetHints":{"allow":["GET"]}}],"collection":[{"href":"https:\/\/casamentoapp.com\/joanaemichel\/wp-json\/wp\/v2\/pages"}],"about":[{"href":"https:\/\/casamentoapp.com\/joanaemichel\/wp-json\/wp\/v2\/types\/page"}],"author":[{"embeddable":true,"href":"https:\/\/casamentoapp.com\/joanaemichel\/wp-json\/wp\/v2\/users\/1"}],"replies":[{"embeddable":true,"href":"https:\/\/casamentoapp.com\/joanaemichel\/wp-json\/wp\/v2\/comments?post=94"}],"version-history":[{"count":290,"href":"https:\/\/casamentoapp.com\/joanaemichel\/wp-json\/wp\/v2\/pages\/94\/revisions"}],"predecessor-version":[{"id":3352,"href":"https:\/\/casamentoapp.com\/joanaemichel\/wp-json\/wp\/v2\/pages\/94\/revisions\/3352"}],"wp:attachment":[{"href":"https:\/\/casamentoapp.com\/joanaemichel\/wp-json\/wp\/v2\/media?parent=94"}],"curies":[{"name":"wp","href":"https:\/\/api.w.org\/{rel}","templated":true}]}}