{"id":496,"date":"2014-12-10T10:36:41","date_gmt":"2014-12-10T10:36:41","guid":{"rendered":"http:\/\/webnus.net\/themes\/wedding-jasmine\/?page_id=496"},"modified":"2023-01-26T09:41:55","modified_gmt":"2023-01-26T12:41:55","slug":"rsvp","status":"publish","type":"page","link":"https:\/\/casamentoapp.com\/joanaemichel\/rsvp\/","title":{"rendered":"RSVP"},"content":{"rendered":"<div class=\"wpb-content-wrapper\"><p>[vc_row full_width=&#8221;stretch_row&#8221; content_placement=&#8221;middle&#8221; parallax=&#8221;content-moving&#8221;][vc_column][vc_empty_space height=&#8221;20&#8243;][vc_custom_heading text=&#8221;R.S.V.P.&#8221; font_container=&#8221;tag:h3|font_size:35|text_align:center|color:%23000000&#8243; google_fonts=&#8221;font_family:Merriweather%3A300%2C300italic%2Cregular%2Citalic%2C700%2C700italic%2C900%2C900italic|font_style:400%20regular%3A400%3Anormal&#8221;][vc_custom_heading text=&#8221;O \u201cR\u00e9pondez S\u2019il vous Pla\u00eet\u201d, ou RSVP, \u00e9 uma express\u00e3o francesa que significa \u201cResponda, por favor\u201d.&#8221; font_container=&#8221;tag:p|font_size:20|text_align:center|color:%23000000&#8243; google_fonts=&#8221;font_family:Merriweather%3A300%2C300italic%2Cregular%2Citalic%2C700%2C700italic%2C900%2C900italic|font_style:300%20light%20italic%3A300%3Aitalic&#8221;][vc_custom_heading text=&#8221;Fa\u00e7a parte de nossa hist\u00f3ria, aguardamos voc\u00eas !&#8221; font_container=&#8221;tag:p|font_size:30|text_align:center|color:%23000000&#8243; google_fonts=&#8221;font_family:Merriweather%3A300%2C300italic%2Cregular%2Citalic%2C700%2C700italic%2C900%2C900italic|font_style:400%20regular%3A400%3Anormal&#8221;]\n<div class=\"wpcf7 no-js\" id=\"wpcf7-f2539-o1\" lang=\"en-US\" dir=\"ltr\">\n<div class=\"screen-reader-response\"><p role=\"status\" aria-live=\"polite\" aria-atomic=\"true\"><\/p> <ul><\/ul><\/div>\n<form action=\"\/joanaemichel\/wp-json\/wp\/v2\/pages\/496#wpcf7-f2539-o1\" method=\"post\" class=\"wpcf7-form init cf7-style\" aria-label=\"Contact form\" novalidate=\"novalidate\" data-status=\"init\">\n<div style=\"display: none;\">\n<input type=\"hidden\" name=\"_wpcf7\" value=\"2539\" \/>\n<input type=\"hidden\" name=\"_wpcf7_version\" value=\"5.9.8\" \/>\n<input type=\"hidden\" name=\"_wpcf7_locale\" value=\"en_US\" \/>\n<input type=\"hidden\" name=\"_wpcf7_unit_tag\" value=\"wpcf7-f2539-o1\" \/>\n<input type=\"hidden\" name=\"_wpcf7_container_post\" value=\"0\" \/>\n<input type=\"hidden\" name=\"_wpcf7_posted_data_hash\" value=\"\" \/>\n<input type=\"hidden\" name=\"_wpcf7cf_hidden_group_fields\" value=\"[]\" \/>\n<input type=\"hidden\" name=\"_wpcf7cf_hidden_groups\" value=\"[]\" \/>\n<input type=\"hidden\" name=\"_wpcf7cf_visible_groups\" value=\"[]\" \/>\n<input type=\"hidden\" name=\"_wpcf7cf_repeaters\" value=\"[]\" \/>\n<input type=\"hidden\" name=\"_wpcf7cf_steps\" value=\"{}\" \/>\n<input type=\"hidden\" name=\"_wpcf7cf_options\" value=\"{&quot;form_id&quot;:2539,&quot;conditions&quot;:[],&quot;settings&quot;:{&quot;animation&quot;:&quot;yes&quot;,&quot;animation_intime&quot;:200,&quot;animation_outtime&quot;:200,&quot;conditions_ui&quot;:&quot;normal&quot;,&quot;notice_dismissed&quot;:false}}\" \/>\n<\/div>\n<p>Nome Completo (*)<br \/>\n<span class=\"wpcf7-form-control-wrap\" data-name=\"your-name\"><input size=\"40\" maxlength=\"400\" class=\"wpcf7-form-control wpcf7-text wpcf7-validates-as-required\" aria-required=\"true\" aria-invalid=\"false\" value=\"\" type=\"text\" name=\"your-name\" \/><\/span>\n<\/p>\n<p>Seu email (*)<br \/>\n<span class=\"wpcf7-form-control-wrap\" data-name=\"your-email\"><input size=\"40\" maxlength=\"400\" class=\"wpcf7-form-control wpcf7-email wpcf7-validates-as-required wpcf7-text wpcf7-validates-as-email\" aria-required=\"true\" aria-invalid=\"false\" value=\"\" type=\"email\" name=\"your-email\" \/><\/span>\n<\/p>\n<p>N\u00famero de Convidados Adultos (incluindo voc\u00ea)<br \/>\n<span class=\"wpcf7-form-control-wrap\" data-name=\"Convidados\"><select class=\"wpcf7-form-control wpcf7-select wpcf7-validates-as-required\" aria-required=\"true\" aria-invalid=\"false\" name=\"Convidados\"><option value=\"\"><\/option><option value=\"1\">1<\/option><option value=\"2\">2<\/option><option value=\"3\">3<\/option><option value=\"4\">4<\/option><option value=\"5\">5<\/option><\/select><\/span>\n<\/p>\n<p>N\u00famero de Crian\u00e7as abaixo de 10 anos<br \/>\n<span class=\"wpcf7-form-control-wrap\" data-name=\"Convidados-criancas\"><select class=\"wpcf7-form-control wpcf7-select\" aria-invalid=\"false\" name=\"Convidados-criancas\"><option value=\"\"><\/option><option value=\"1\">1<\/option><option value=\"2\">2<\/option><option value=\"3\">3<\/option><option value=\"4\">4<\/option><option value=\"5\">5<\/option><\/select><\/span>\n<\/p>\n<p>Nome Completo dos Convidados Adultos<br \/>\n<span class=\"wpcf7-form-control-wrap\" data-name=\"textarea-521\"><textarea cols=\"40\" rows=\"10\" maxlength=\"2000\" class=\"wpcf7-form-control wpcf7-textarea\" aria-invalid=\"false\" name=\"textarea-521\"><\/textarea><\/span>\n<\/p>\n<p>Nome completo e idade das crian\u00e7as abaixo de 10 anos<br \/>\n<span class=\"wpcf7-form-control-wrap\" data-name=\"textarea-699\"><textarea cols=\"40\" rows=\"10\" maxlength=\"2000\" class=\"wpcf7-form-control wpcf7-textarea\" aria-invalid=\"false\" name=\"textarea-699\"><\/textarea><\/span>\n<\/p>\n<p><input class=\"wpcf7-form-control wpcf7-submit has-spinner\" type=\"submit\" value=\"ENVIAR\" \/>\n<\/p><p style=\"display: none !important;\" class=\"akismet-fields-container\" data-prefix=\"_wpcf7_ak_\"><label>&#916;<textarea name=\"_wpcf7_ak_hp_textarea\" cols=\"45\" rows=\"8\" maxlength=\"100\"><\/textarea><\/label><input type=\"hidden\" id=\"ak_js_1\" name=\"_wpcf7_ak_js\" value=\"224\"\/><script type=\"text\/javascript\">\n\/* <![CDATA[ *\/\ndocument.getElementById( \"ak_js_1\" ).setAttribute( \"value\", ( new Date() ).getTime() );\n\/* ]]> *\/\n<\/script>\n<\/p><div class=\"wpcf7-response-output\" aria-hidden=\"true\"><\/div>\n<\/form>\n<\/div>\n[vc_empty_space height=&#8221;30px&#8221;][vc_empty_space height=&#8221;30px&#8221;][\/vc_column][\/vc_row]<\/p>\n<\/div>","protected":false},"excerpt":{"rendered":"<p>[vc_row full_width=&#8221;stretch_row&#8221; content_placement=&#8221;middle&#8221; parallax=&#8221;content-moving&#8221;][vc_column][vc_empty_space height=&#8221;20&#8243;][vc_custom_heading text=&#8221;R.S.V.P.&#8221; font_container=&#8221;tag:h3|font_size:35|text_align:center|color:%23000000&#8243; google_fonts=&#8221;font_family:Merriweather%3A300%2C300italic%2Cregular%2Citalic%2C700%2C700italic%2C900%2C900italic|font_style:400%20regular%3A400%3Anormal&#8221;][vc_custom_heading text=&#8221;O \u201cR\u00e9pondez S\u2019il vous Pla\u00eet\u201d, ou RSVP, \u00e9 uma express\u00e3o francesa que significa \u201cResponda, por favor\u201d.&#8221; font_container=&#8221;tag:p|font_size:20|text_align:center|color:%23000000&#8243; google_fonts=&#8221;font_family:Merriweather%3A300%2C300italic%2Cregular%2Citalic%2C700%2C700italic%2C900%2C900italic|font_style:300%20light%20italic%3A300%3Aitalic&#8221;][vc_custom_heading text=&#8221;Fa\u00e7a parte de nossa hist\u00f3ria, aguardamos voc\u00eas !&#8221; font_container=&#8221;tag:p|font_size:30|text_align:center|color:%23000000&#8243; google_fonts=&#8221;font_family:Merriweather%3A300%2C300italic%2Cregular%2Citalic%2C700%2C700italic%2C900%2C900italic|font_style:400%20regular%3A400%3Anormal&#8221;][vc_empty_space height=&#8221;30px&#8221;][vc_empty_space height=&#8221;30px&#8221;][\/vc_column][\/vc_row]<\/p>\n","protected":false},"author":1,"featured_media":0,"parent":0,"menu_order":0,"comment_status":"closed","ping_status":"closed","template":"","meta":{"om_disable_all_campaigns":false,"footnotes":""},"class_list":["post-496","page","type-page","status-publish","hentry"],"_links":{"self":[{"href":"https:\/\/casamentoapp.com\/joanaemichel\/wp-json\/wp\/v2\/pages\/496","targetHints":{"allow":["GET"]}}],"collection":[{"href":"https:\/\/casamentoapp.com\/joanaemichel\/wp-json\/wp\/v2\/pages"}],"about":[{"href":"https:\/\/casamentoapp.com\/joanaemichel\/wp-json\/wp\/v2\/types\/page"}],"author":[{"embeddable":true,"href":"https:\/\/casamentoapp.com\/joanaemichel\/wp-json\/wp\/v2\/users\/1"}],"replies":[{"embeddable":true,"href":"https:\/\/casamentoapp.com\/joanaemichel\/wp-json\/wp\/v2\/comments?post=496"}],"version-history":[{"count":48,"href":"https:\/\/casamentoapp.com\/joanaemichel\/wp-json\/wp\/v2\/pages\/496\/revisions"}],"predecessor-version":[{"id":3283,"href":"https:\/\/casamentoapp.com\/joanaemichel\/wp-json\/wp\/v2\/pages\/496\/revisions\/3283"}],"wp:attachment":[{"href":"https:\/\/casamentoapp.com\/joanaemichel\/wp-json\/wp\/v2\/media?parent=496"}],"curies":[{"name":"wp","href":"https:\/\/api.w.org\/{rel}","templated":true}]}}