{"id":3278,"date":"2023-01-25T12:57:18","date_gmt":"2023-01-25T15:57:18","guid":{"rendered":"http:\/\/casamentoapp.com\/joanaemichel\/?page_id=3278"},"modified":"2023-01-25T12:57:18","modified_gmt":"2023-01-25T15:57:18","slug":"nossa-historia","status":"publish","type":"page","link":"https:\/\/casamentoapp.com\/joanaemichel\/nossa-historia\/","title":{"rendered":"Nossa Hist\u00f3ria"},"content":{"rendered":"<div class=\"wpb-content-wrapper\"><p>[vc_row full_width=&#8221;stretch_row&#8221; content_placement=&#8221;middle&#8221; parallax=&#8221;content-moving&#8221;][vc_column][vc_empty_space height=&#8221;20&#8243;][vc_custom_heading text=&#8221;Nossa hist\u00f3ria&#8221; font_container=&#8221;tag:h3|font_size:35|text_align:center|color:%23000000&#8243; google_fonts=&#8221;font_family:Merriweather%3A300%2C300italic%2Cregular%2Citalic%2C700%2C700italic%2C900%2C900italic|font_style:400%20regular%3A400%3Anormal&#8221;][vc_custom_heading text=&#8221;Como \u00e9 bom recordar! Conhe\u00e7a os detalhes da nossa caminhada at\u00e9 esse grande sonho do nosso casamento.&#8221; font_container=&#8221;tag:p|font_size:20|text_align:center|color:%23000000&#8243; google_fonts=&#8221;font_family:Merriweather%3A300%2C300italic%2Cregular%2Citalic%2C700%2C700italic%2C900%2C900italic|font_style:300%20light%20italic%3A300%3Aitalic&#8221;][vc_column_text]<img loading=\"lazy\" decoding=\"async\" class=\"aligncenter wp-image-3244 size-medium\" src=\"https:\/\/casamentoapp.com\/joanaemichel\/wp-content\/uploads\/sites\/917\/2023\/01\/divisor-300x136.png\" alt=\"\" width=\"300\" height=\"136\" srcset=\"https:\/\/casamentoapp.com\/joanaemichel\/wp-content\/uploads\/sites\/917\/2023\/01\/divisor-300x136.png 300w, https:\/\/casamentoapp.com\/joanaemichel\/wp-content\/uploads\/sites\/917\/2023\/01\/divisor-125x57.png 125w, https:\/\/casamentoapp.com\/joanaemichel\/wp-content\/uploads\/sites\/917\/2023\/01\/divisor-75x34.png 75w, https:\/\/casamentoapp.com\/joanaemichel\/wp-content\/uploads\/sites\/917\/2023\/01\/divisor.png 388w\" sizes=\"auto, (max-width: 300px) 100vw, 300px\" \/>[\/vc_column_text][vc_empty_space height=&#8221;30px&#8221;][vc_empty_space height=&#8221;30px&#8221;][vc_column_text]<\/p>\n<p class=\"sc-jEUCeg duEgiy\" style=\"text-align: center;\">Quando nos conhecemos, nem imagin\u00e1vamos que um dia tudo isso acabaria como um final de conto de fadas, com a realiza\u00e7\u00e3o do nosso grande sonho: o casamento!<\/p>\n<p class=\"sc-jEUCeg duEgiy\" style=\"text-align: center;\">O cora\u00e7\u00e3o aperta, o dia est\u00e1 chegando, e come\u00e7a a passar um filme de tudo o que passamos para chegar at\u00e9 aqui. E como \u00e9 bom relembrar cada pedacinho da nossa hist\u00f3ria de amor.<\/p>\n<p>[\/vc_column_text][vc_empty_space height=&#8221;30px&#8221;][vc_empty_space height=&#8221;30px&#8221;][\/vc_column][\/vc_row]<\/p>\n<\/div>","protected":false},"excerpt":{"rendered":"<p>[vc_row full_width=&#8221;stretch_row&#8221; content_placement=&#8221;middle&#8221; parallax=&#8221;content-moving&#8221;][vc_column][vc_empty_space height=&#8221;20&#8243;][vc_custom_heading text=&#8221;Nossa hist\u00f3ria&#8221; font_container=&#8221;tag:h3|font_size:35|text_align:center|color:%23000000&#8243; google_fonts=&#8221;font_family:Merriweather%3A300%2C300italic%2Cregular%2Citalic%2C700%2C700italic%2C900%2C900italic|font_style:400%20regular%3A400%3Anormal&#8221;][vc_custom_heading text=&#8221;Como \u00e9 bom recordar! Conhe\u00e7a os detalhes da nossa caminhada at\u00e9 esse grande sonho do nosso casamento.&#8221; font_container=&#8221;tag:p|font_size:20|text_align:center|color:%23000000&#8243; google_fonts=&#8221;font_family:Merriweather%3A300%2C300italic%2Cregular%2Citalic%2C700%2C700italic%2C900%2C900italic|font_style:300%20light%20italic%3A300%3Aitalic&#8221;][vc_column_text][\/vc_column_text][vc_empty_space height=&#8221;30px&#8221;][vc_empty_space height=&#8221;30px&#8221;][vc_column_text] Quando nos conhecemos, nem imagin\u00e1vamos que um dia tudo isso acabaria como um final de conto de fadas, com a realiza\u00e7\u00e3o do nosso grande sonho:<\/p>\n","protected":false},"author":1,"featured_media":0,"parent":0,"menu_order":0,"comment_status":"closed","ping_status":"closed","template":"","meta":{"om_disable_all_campaigns":false,"footnotes":""},"class_list":["post-3278","page","type-page","status-publish","hentry"],"_links":{"self":[{"href":"https:\/\/casamentoapp.com\/joanaemichel\/wp-json\/wp\/v2\/pages\/3278","targetHints":{"allow":["GET"]}}],"collection":[{"href":"https:\/\/casamentoapp.com\/joanaemichel\/wp-json\/wp\/v2\/pages"}],"about":[{"href":"https:\/\/casamentoapp.com\/joanaemichel\/wp-json\/wp\/v2\/types\/page"}],"author":[{"embeddable":true,"href":"https:\/\/casamentoapp.com\/joanaemichel\/wp-json\/wp\/v2\/users\/1"}],"replies":[{"embeddable":true,"href":"https:\/\/casamentoapp.com\/joanaemichel\/wp-json\/wp\/v2\/comments?post=3278"}],"version-history":[{"count":1,"href":"https:\/\/casamentoapp.com\/joanaemichel\/wp-json\/wp\/v2\/pages\/3278\/revisions"}],"predecessor-version":[{"id":3280,"href":"https:\/\/casamentoapp.com\/joanaemichel\/wp-json\/wp\/v2\/pages\/3278\/revisions\/3280"}],"wp:attachment":[{"href":"https:\/\/casamentoapp.com\/joanaemichel\/wp-json\/wp\/v2\/media?parent=3278"}],"curies":[{"name":"wp","href":"https:\/\/api.w.org\/{rel}","templated":true}]}}