{"id":2524,"date":"2020-05-20T12:35:32","date_gmt":"2020-05-20T15:35:32","guid":{"rendered":"https:\/\/casamentoapp.com\/rafaellaepedro\/?post_type=product&#038;p=2524"},"modified":"2020-06-03T10:25:50","modified_gmt":"2020-06-03T13:25:50","slug":"reservar-acomodacao","status":"publish","type":"product","link":"https:\/\/casamentoapp.com\/camilaedaniel\/produto\/reservar-acomodacao\/","title":{"rendered":"Reservar acomoda\u00e7\u00e3o"},"content":{"rendered":"","protected":false},"excerpt":{"rendered":"<p>Para reservar sua acomoda\u00e7\u00e3o, clique no bot\u00e3o abaixo. Para nosso controle, favor enviar o comprovante de pagamento para rafaella2709@hotmail.com<\/p>\n","protected":false},"featured_media":2525,"template":"","meta":{"om_disable_all_campaigns":false},"product_brand":[],"product_cat":[15],"product_tag":[],"class_list":{"0":"post-2524","1":"product","2":"type-product","3":"status-publish","4":"has-post-thumbnail","6":"product_cat-reservar-acomodacao","8":"first","9":"instock","10":"virtual","11":"purchasable","12":"product-type-simple"},"_links":{"self":[{"href":"https:\/\/casamentoapp.com\/camilaedaniel\/wp-json\/wp\/v2\/product\/2524","targetHints":{"allow":["GET"]}}],"collection":[{"href":"https:\/\/casamentoapp.com\/camilaedaniel\/wp-json\/wp\/v2\/product"}],"about":[{"href":"https:\/\/casamentoapp.com\/camilaedaniel\/wp-json\/wp\/v2\/types\/product"}],"wp:featuredmedia":[{"embeddable":true,"href":"https:\/\/casamentoapp.com\/camilaedaniel\/wp-json\/wp\/v2\/media\/2525"}],"wp:attachment":[{"href":"https:\/\/casamentoapp.com\/camilaedaniel\/wp-json\/wp\/v2\/media?parent=2524"}],"wp:term":[{"taxonomy":"product_brand","embeddable":true,"href":"https:\/\/casamentoapp.com\/camilaedaniel\/wp-json\/wp\/v2\/product_brand?post=2524"},{"taxonomy":"product_cat","embeddable":true,"href":"https:\/\/casamentoapp.com\/camilaedaniel\/wp-json\/wp\/v2\/product_cat?post=2524"},{"taxonomy":"product_tag","embeddable":true,"href":"https:\/\/casamentoapp.com\/camilaedaniel\/wp-json\/wp\/v2\/product_tag?post=2524"}],"curies":[{"name":"wp","href":"https:\/\/api.w.org\/{rel}","templated":true}]}}