{"id":1250,"date":"2018-06-22T17:16:32","date_gmt":"2018-06-22T20:16:32","guid":{"rendered":"http:\/\/casamentoapp.com\/demotema2\/?page_id=1250"},"modified":"2020-12-18T21:42:58","modified_gmt":"2020-12-19T00:42:58","slug":"cotas","status":"publish","type":"page","link":"https:\/\/casamentoapp.com\/anaelucas\/cotas\/","title":{"rendered":"Presentes Virtuais"},"content":{"rendered":"<div class=\"wpb-content-wrapper\"><p>[vc_row full_width=&#8221;stretch_row&#8221;][vc_column][vc_custom_heading text=&#8221;Nos ajude a desfrutar de uma Lua de Mel inesquec\u00edvel ou se preferir, ajudando a montar a nossa casa !&#8221; font_container=&#8221;tag:p|font_size:30|text_align:center|color:%23000000&#8243; google_fonts=&#8221;font_family:Merriweather%3A300%2C300italic%2Cregular%2Citalic%2C700%2C700italic%2C900%2C900italic|font_style:400%20regular%3A400%3Anormal&#8221;][vc_custom_heading text=&#8221;(O valor das cotas de presentes ser\u00e1 depositado na conta banc\u00e1ria dos noivos)&#8221; font_container=&#8221;tag:p|font_size:20|text_align:center|color:%23000000&#8243; google_fonts=&#8221;font_family:Merriweather%3A300%2C300italic%2Cregular%2Citalic%2C700%2C700italic%2C900%2C900italic|font_style:400%20regular%3A400%3Anormal&#8221;]<div id=\"modal-trg-txt-wrap-9556\" class=\"ult-modal-input-wrapper ult-adjust-bottom-margin    \" data-keypress-control=\"keypress-control-enable\" data-overlay-control=\"overlay-control-enable\"><button  data-ultimate-target='#modal-trg-txt-wrap-9556 .btn-modal'  data-responsive-json-new='{\"font-size\":\"\",\"line-height\":\"\"}'  style=\"background:#333333;border-color:#333333;color:#FFFFFF; \" data-class-id=\"content-69f37d363a8997-13684404\" class=\"btn-modal ult-responsive btn-primary btn-modal-sm overlay-show ult-align-center btn-id-69f37d363a8997-13684404\" data-overlay-class=\"overlay-cornerbottomleft\">Clique aqui para ver como funciona<\/button><\/div>\n<div class=\"ult-overlay content-69f37d363a8997-13684404 \" data-class=\"content-69f37d363a8997-13684404\" id=\"button-click-overlay\" style=\"background:rgba(51,51,51,0.8); display:none;\">\n\t<div class=\"ult_modal ult-fade ult-small\">\n\t\t<div id=\"ult-modal-wrap-3263\" class=\"ult_modal-content ult-hide\" style=\"border-style:inset;border-width:2px;border-radius:0px;border-color:#f60f60;\">\n\t\t\t<div class=\"ult_modal-header\" style=\"color:#333333;border-color:#f60f60;\">\n\t\t\t\t<h3  data-ultimate-target='#ult-modal-wrap-3263 .ult_modal-title'  data-responsive-json-new='{\"font-size\":\"\",\"line-height\":\"\"}'  class=\"ult_modal-title ult-responsive\">Como funciona<\/h3>\n\t\t\t<\/div>\n\t\t\t<div  data-ultimate-target='#ult-modal-wrap-3263 .ult_modal-body'  data-responsive-json-new='{\"font-size\":\"\",\"line-height\":\"\"}'  class=\"ult_modal-body ult-responsive ult-html\" style=\"\">\n\t\t\t<\/p>\n<p class=\"vc_custom_heading\" style=\"text-align: center;\">As Listas de Presentes Virtuais s\u00e3o uma maneira elegante do convidado presentear os noivos com dinheiro. O dinheiro \u00e9 depositado na conta banc\u00e1ria dos noivos.<\/p>\n<p style=\"text-align: center;\">O convidado escolhe o presente e os noivos recebem uma notifica\u00e7\u00e3o por email com o nome e email do convidado, presente comprado e o valor.<\/p>\n<p>\n\t\t\t<\/div>\n\t<\/div>\n\t<\/div>\n\t<div class=\"ult-overlay-close top-right\" style=\"width:80px;height:80px; \"><div class=\"ult-overlay-close-inside\">Close<\/div><\/div>\n<\/div>[vc_row_inner][vc_column_inner width=&#8221;1\/2&#8243;][vc_column_text]<\/p>\n<p style=\"text-align: center;\"><a href=\"https:\/\/casamentoapp.com\/anaelucas\/categoria-produto\/lua-de-mel\/\"><img loading=\"lazy\" decoding=\"async\" class=\"size-medium wp-image-2292 aligncenter\" src=\"https:\/\/casamentoapp.com\/rafaellaepedro\/wp-content\/uploads\/sites\/382\/2018\/04\/COTA_LUA-300x300.png\" alt=\"\" width=\"300\" height=\"300\" srcset=\"https:\/\/casamentoapp.com\/anaelucas\/wp-content\/uploads\/sites\/500\/2018\/04\/COTA_LUA-300x300.png 300w, https:\/\/casamentoapp.com\/anaelucas\/wp-content\/uploads\/sites\/500\/2018\/04\/COTA_LUA-150x150.png 150w, https:\/\/casamentoapp.com\/anaelucas\/wp-content\/uploads\/sites\/500\/2018\/04\/COTA_LUA-125x125.png 125w, https:\/\/casamentoapp.com\/anaelucas\/wp-content\/uploads\/sites\/500\/2018\/04\/COTA_LUA-75x75.png 75w, https:\/\/casamentoapp.com\/anaelucas\/wp-content\/uploads\/sites\/500\/2018\/04\/COTA_LUA-100x100.png 100w, https:\/\/casamentoapp.com\/anaelucas\/wp-content\/uploads\/sites\/500\/2018\/04\/COTA_LUA.png 548w\" sizes=\"auto, (max-width: 300px) 100vw, 300px\" \/><\/a><\/p>\n<p>[\/vc_column_text][\/vc_column_inner][vc_column_inner width=&#8221;1\/2&#8243;][vc_column_text]<\/p>\n<p style=\"text-align: center;\"><a href=\"https:\/\/casamentoapp.com\/anaelucas\/categoria-produto\/cota-de-produtos\/\"><img loading=\"lazy\" decoding=\"async\" class=\"aligncenter wp-image-2279 size-medium\" src=\"https:\/\/casamentoapp.com\/rafaellaepedro\/wp-content\/uploads\/sites\/382\/2018\/04\/COTAS-CASA-300x300.png\" alt=\"\" width=\"300\" height=\"300\" srcset=\"https:\/\/casamentoapp.com\/anaelucas\/wp-content\/uploads\/sites\/500\/2018\/04\/COTAS-CASA-300x300.png 300w, https:\/\/casamentoapp.com\/anaelucas\/wp-content\/uploads\/sites\/500\/2018\/04\/COTAS-CASA-150x150.png 150w, https:\/\/casamentoapp.com\/anaelucas\/wp-content\/uploads\/sites\/500\/2018\/04\/COTAS-CASA-125x125.png 125w, https:\/\/casamentoapp.com\/anaelucas\/wp-content\/uploads\/sites\/500\/2018\/04\/COTAS-CASA-75x75.png 75w, https:\/\/casamentoapp.com\/anaelucas\/wp-content\/uploads\/sites\/500\/2018\/04\/COTAS-CASA-100x100.png 100w, https:\/\/casamentoapp.com\/anaelucas\/wp-content\/uploads\/sites\/500\/2018\/04\/COTAS-CASA.png 548w\" sizes=\"auto, (max-width: 300px) 100vw, 300px\" \/><\/a><\/p>\n<p>[\/vc_column_text][\/vc_column_inner][\/vc_row_inner][\/vc_column][\/vc_row]<\/p>\n<\/div>","protected":false},"excerpt":{"rendered":"<p>[vc_row full_width=&#8221;stretch_row&#8221;][vc_column][vc_custom_heading text=&#8221;Nos ajude a desfrutar de uma Lua de Mel inesquec\u00edvel ou se preferir, ajudando a montar a nossa casa !&#8221; font_container=&#8221;tag:p|font_size:30|text_align:center|color:%23000000&#8243; google_fonts=&#8221;font_family:Merriweather%3A300%2C300italic%2Cregular%2Citalic%2C700%2C700italic%2C900%2C900italic|font_style:400%20regular%3A400%3Anormal&#8221;][vc_custom_heading text=&#8221;(O valor das cotas de presentes ser\u00e1 depositado na conta banc\u00e1ria dos noivos)&#8221; font_container=&#8221;tag:p|font_size:20|text_align:center|color:%23000000&#8243; google_fonts=&#8221;font_family:Merriweather%3A300%2C300italic%2Cregular%2Citalic%2C700%2C700italic%2C900%2C900italic|font_style:400%20regular%3A400%3Anormal&#8221;][vc_row_inner][vc_column_inner width=&#8221;1\/2&#8243;][vc_column_text] [\/vc_column_text][\/vc_column_inner][vc_column_inner width=&#8221;1\/2&#8243;][vc_column_text] [\/vc_column_text][\/vc_column_inner][\/vc_row_inner][\/vc_column][\/vc_row]<\/p>\n","protected":false},"author":1,"featured_media":0,"parent":0,"menu_order":0,"comment_status":"open","ping_status":"open","template":"","meta":{"om_disable_all_campaigns":false,"footnotes":""},"class_list":["post-1250","page","type-page","status-publish","hentry"],"_links":{"self":[{"href":"https:\/\/casamentoapp.com\/anaelucas\/wp-json\/wp\/v2\/pages\/1250","targetHints":{"allow":["GET"]}}],"collection":[{"href":"https:\/\/casamentoapp.com\/anaelucas\/wp-json\/wp\/v2\/pages"}],"about":[{"href":"https:\/\/casamentoapp.com\/anaelucas\/wp-json\/wp\/v2\/types\/page"}],"author":[{"embeddable":true,"href":"https:\/\/casamentoapp.com\/anaelucas\/wp-json\/wp\/v2\/users\/1"}],"replies":[{"embeddable":true,"href":"https:\/\/casamentoapp.com\/anaelucas\/wp-json\/wp\/v2\/comments?post=1250"}],"version-history":[{"count":17,"href":"https:\/\/casamentoapp.com\/anaelucas\/wp-json\/wp\/v2\/pages\/1250\/revisions"}],"predecessor-version":[{"id":2833,"href":"https:\/\/casamentoapp.com\/anaelucas\/wp-json\/wp\/v2\/pages\/1250\/revisions\/2833"}],"wp:attachment":[{"href":"https:\/\/casamentoapp.com\/anaelucas\/wp-json\/wp\/v2\/media?parent=1250"}],"curies":[{"name":"wp","href":"https:\/\/api.w.org\/{rel}","templated":true}]}}